{"id":329,"date":"2025-04-28T23:16:54","date_gmt":"2025-04-28T21:16:54","guid":{"rendered":"https:\/\/floramentis.pl\/?page_id=329"},"modified":"2025-05-23T18:07:18","modified_gmt":"2025-05-23T16:07:18","slug":"jak-pracuje","status":"publish","type":"page","link":"https:\/\/floramentis.pl\/?page_id=329","title":{"rendered":"JAK PRACUJ\u0118"},"content":{"rendered":"<div class=\"\" style=\"\" >\n    \n    <section class=\"u-clearfix u-section-2\" id=\"block-2\">\n      <div class=\"u-clearfix u-sheet u-valign-middle-lg u-valign-middle-md u-valign-middle-sm u-sheet-1\">\n        <div class=\"data-layout-selected u-clearfix u-expanded-width-xs u-gutter-0 u-layout-spacing-vertical u-layout-wrap u-layout-wrap-1\">\n          <div class=\"u-layout\">\n            <div class=\"u-layout-row\">\n              <div class=\"u-align-left u-container-align-left-lg u-container-align-left-md u-container-align-left-sm u-container-align-left-xl u-container-style u-layout-cell u-left-cell u-size-60 u-layout-cell-1\">\n                <div class=\"u-container-layout u-container-layout-1\">\n                  <h2 class=\"u-align-left u-custom-font u-text u-text-1\"><i>W moim\ngabinecie\u2026<\/i>\n                  <\/h2>\n                  <p class=\"u-align-left u-custom-font u-text u-text-2\"><span style=\"font-size: 1.125rem;\">Pomagam\nodzyska\u0107 zdrowie i r\u00f3wnowag\u0119 \u2013 bez presji, bez skrajno\u015bci, bez restrykcyjnych\ndiet <\/span><span style=\"font-size: 1.125rem;\">\n                      <br><\/span><span style=\"font-size: 1.125rem;\">\n                      <br><\/span><span style=\"font-size: 1.125rem;\"><b>Stawiam\nna podej\u015bcie, kt\u00f3re dzia\u0142a d\u0142ugofalowo<br><\/b>Je\u015bli zmagasz si\u0119 z insulinooporno\u015bci\u0105, chorobami\njelit, alergiami czy po prostu chcesz schudn\u0105\u0107 bez efektu jojo \u2013 jeste\u015b w\ndobrym miejscu. <br>\n                      <br><\/span><span style=\"font-size: 1.125rem;\"><i><span style=\"font-weight: 700;\"><span style=\"font-size: 1.5rem;\">Specjalizuj\u0119\nsi\u0119 w:<\/span>\n                          <br>\n                          <br><\/span><\/i><\/span><span style=\"font-size: 1.125rem;\"><b>Skutecznym\nodchudzaniu bez restrykcji<\/b>\n                      <br>Bez g\u0142od\u00f3wek, bez liczenia ka\u017cdego k\u0119sa. Pracujemy nad Twoimi\nnawykami, metabolizmem i stylem \u017cycia \u2013 tak, \u017ceby efekty zosta\u0142y z Tob\u0105 na\nd\u0142ugo. <\/span><span style=\"font-weight: 700;\"><\/span>\n                    <br>\n                  <\/p>\n                <\/div>\n              <\/div>\n            <\/div>\n          <\/div>\n        <\/div>\n        <img decoding=\"async\" class=\"u-expanded-width-xs u-image u-image-default u-image-1\" src=\"https:\/\/floramentis.pl\/wp-content\/uploads\/2025\/04\/biuro2-scaled.jpeg\" alt=\"\" data-image-width=\"2048\" data-image-height=\"2560\">\n        <p class=\"u-custom-font u-text u-text-3\"><b>Od\u017cywianiu\nniskow\u0119glowodanowym w chorobach metabolicznych<\/b>\n          <br> Insulinooporno\u015b\u0107, zesp\u00f3\u0142 metaboliczny, depresja, przewlek\u0142e\nzm\u0119czenie \u2013 to obszary, gdzie odpowiednio dobrane od\u017cywianie mo\u017ce zdzia\u0142a\u0107\nnaprawd\u0119 du\u017co. <b>&nbsp;<\/b>\n          <br>\n          <br><b>Wsparciu\nw problemach jelitowych<\/b>\n          <br>Celiakia, SIBO, SIFO, IBS, stany zapalne jelit \u2013 pomagam\nzrozumie\u0107, co Ci szkodzi i jak wreszcie poczu\u0107 ulg\u0119.<br>\n          <br><b>Pracy z\nalergiami i nietolerancjami<\/b>\n          <br>Pomagam odnale\u017a\u0107 si\u0119 w z\u0142o\u017conym \u015bwiecie alergii pokarmowych,\nreakcji krzy\u017cowych, nietolerancji histaminy i innych nietolerancji pokarmowych.\nTo nie musi oznacza\u0107 ci\u0105g\u0142ego rezygnowania \u2013 liczy si\u0119 strategia i indywidualne\npodej\u015bcie.<br>\n          <br><i><span style=\"font-size: 1.5rem; font-weight: 700;\">Moja\nfilozofia pracy:<\/span><\/i>\n          <br>\n          <br>Wierz\u0119 w g\u0119sto od\u017cywcze podej\u015bcie niskow\u0119glowodanowe, kt\u00f3re\njest sprawdzone przez pokolenia i oparte na naturalnych, pe\u0142nowarto\u015bciowych\nsk\u0142adnikach. Tego rodzaju od\u017cywianie nie tylko pomaga w poprawie zdrowia, ale\ntak\u017ce jest kluczowe w zarz\u0105dzaniu chorobami metabolicznymi, jelitowymi czy\nautoimmunologicznymi. Stawiam na trwa\u0142e efekty, kt\u00f3re wprowadzaj\u0105 r\u00f3wnowag\u0119 w\nciele i umy\u015ble \u2013 bez drastycznych ogranicze\u0144 i z uwzgl\u0119dnieniem Twoich\nindywidualnych potrzeb. <br>\n        <\/p>\n      <\/div>\n    <\/section>\n    \n    \n    \n  \n<\/div>","protected":false},"excerpt":{"rendered":"<p>W moim gabinecie\u2026 Pomagam odzyska\u0107 zdrowie i r\u00f3wnowag\u0119 \u2013 bez presji, bez skrajno\u015bci, bez restrykcyjnych diet Stawiam na podej\u015bcie, kt\u00f3re dzia\u0142a d\u0142ugofalowoJe\u015bli zmagasz si\u0119 z insulinooporno\u015bci\u0105, chorobami jelit, alergiami czy po prostu chcesz schudn\u0105\u0107 bez efektu jojo \u2013 jeste\u015b w dobrym miejscu. Specjalizuj\u0119 si\u0119 w: Skutecznym odchudzaniu bez restrykcji Bez g\u0142od\u00f3wek, bez liczenia ka\u017cdego k\u0119sa.&hellip; <a class=\"more-link\" href=\"https:\/\/floramentis.pl\/?page_id=329\">Czytaj dalej <span class=\"screen-reader-text\">JAK PRACUJ\u0118<\/span><\/a><\/p>\n","protected":false},"author":1,"featured_media":0,"parent":0,"menu_order":0,"comment_status":"closed","ping_status":"closed","template":"","meta":{"om_disable_all_campaigns":false,"_monsterinsights_skip_tracking":false,"_monsterinsights_sitenote_active":false,"_monsterinsights_sitenote_note":"","_monsterinsights_sitenote_category":0,"footnotes":""},"class_list":["post-329","page","type-page","status-publish","hentry","entry"],"aioseo_notices":[],"_links":{"self":[{"href":"https:\/\/floramentis.pl\/index.php?rest_route=\/wp\/v2\/pages\/329","targetHints":{"allow":["GET"]}}],"collection":[{"href":"https:\/\/floramentis.pl\/index.php?rest_route=\/wp\/v2\/pages"}],"about":[{"href":"https:\/\/floramentis.pl\/index.php?rest_route=\/wp\/v2\/types\/page"}],"author":[{"embeddable":true,"href":"https:\/\/floramentis.pl\/index.php?rest_route=\/wp\/v2\/users\/1"}],"replies":[{"embeddable":true,"href":"https:\/\/floramentis.pl\/index.php?rest_route=%2Fwp%2Fv2%2Fcomments&post=329"}],"version-history":[{"count":14,"href":"https:\/\/floramentis.pl\/index.php?rest_route=\/wp\/v2\/pages\/329\/revisions"}],"predecessor-version":[{"id":417,"href":"https:\/\/floramentis.pl\/index.php?rest_route=\/wp\/v2\/pages\/329\/revisions\/417"}],"wp:attachment":[{"href":"https:\/\/floramentis.pl\/index.php?rest_route=%2Fwp%2Fv2%2Fmedia&parent=329"}],"curies":[{"name":"wp","href":"https:\/\/api.w.org\/{rel}","templated":true}]}}