{"id":31,"date":"2025-04-14T11:07:41","date_gmt":"2025-04-14T09:07:41","guid":{"rendered":"https:\/\/floramentis.pl\/?page_id=31"},"modified":"2025-05-23T18:05:32","modified_gmt":"2025-05-23T16:05:32","slug":"home","status":"publish","type":"page","link":"https:\/\/floramentis.pl\/","title":{"rendered":"Strona g\u0142\u00f3wna"},"content":{"rendered":"<div class=\"\" style=\"\" >\n    \n    <section class=\"u-clearfix u-section-2\" id=\"block-1\" data-href=\"https:\/\/floramentis.pl\/?page_id=30\">\n      <div class=\"u-clearfix u-sheet u-sheet-1\">\n        <h1 class=\"u-align-center u-custom-font u-text u-text-1\">&nbsp;\u200bGABINET DIETETYCZNY, KT\u00d3RY POWSTA\u0141 Z POTRZEBY ZMIANY<span style=\"font-style: italic;\">\n            <br><\/span>\n        <\/h1>\n        <p class=\"u-align-left u-custom-font u-text u-text-2\"><span style=\"font-style: italic;\"><\/span><span style=\"font-style: italic;\">W \u015bwiecie szybkich diet, chwilowych efekt\u00f3w i niesko\u0144czonych zakaz\u00f3w powsta\u0142o miejsce inne ni\u017c wszystkie.<\/span>\n          <br>\n          <br><span style=\"font-style: italic;\">Gabinet dietetyczny, w kt\u00f3rym liczy si\u0119 prawdziwe zdrowie, \u015bwiadome wybory i szacunek do indywidualnych potrzeb.<\/span>\n          <br>\n          <br><span style=\"font-style: italic;\">Filozofia opiera si\u0119 na g\u0119sto od\u017cywczym, niskow\u0119glowodanowym od\u017cywianiu, bazuj\u0105cym na naturalnych, sprawdzonych przez pokolenia produktach. Wi\u0119cej znajdziesz <\/span>\n          <a rel=\"noopener\" class=\"skrollable u-active-none u-border-none u-btn u-button-link u-button-style u-hover-none u-none u-text-palette-1-base u-btn-1\" href=\"https:\/\/floramentis.pl\/?page_id=329\">tutaj<\/a>\n          <br><span style=\"font-style: italic;\">\n            <br>Wspierane s\u0105 osoby zmagaj\u0105ce si\u0119 z  insulinooporno\u015bci\u0105 i innymi chorobami metabolicznymi, chorobami jelit, alergiami, nietolerancjami pokarmowymi oraz <\/span>z nadwag\u0105 i oty\u0142o\u015bci\u0105.<span style=\"font-style: italic;\"> Co wa\u017cne, bez presji, bez skrajno\u015bci i z realnym wsparciem na ka\u017cdym etapie zmiany. <\/span>Wi\u0119cej informacji o naszej ofercie znajdziesz <a class=\"skrollable u-active-none u-border-none u-btn u-button-style u-hover-none u-none u-text-palette-1-base u-btn-2\" rel=\"noopener\">tutaj<\/a><span style=\"font-weight: 700;\">\n            <br><span style=\"font-style: normal;\"><\/span>\n            <br><span style=\"font-style: italic;\"><span style=\"font-weight: 400;\">Zapraszamy do gabinetu w podkrakowskich Zielonkach - do miejsca, gdzie od\u017cywianie naprawd\u0119 ma znaczenie.<\/span>\n              <br><\/span><span style=\"font-style: italic;\"><span style=\"font-weight: 400;\">Zobacz, jak do nas trafi\u0107 <\/span>\n              <a class=\"skrollable u-active-none u-border-none u-btn u-button-link u-button-style u-hover-none u-none u-text-palette-1-base u-btn-3\" rel=\"noopener\" href=\"https:\/\/floramentis.pl\/?page_id=29\"><span style=\"font-weight: 400;\">tutaj<\/span>\n              <\/a><\/span><\/span>\n          <br>\n        <\/p>\n      <\/div>\n    <\/section>\n    <section class=\"u-clearfix u-section-3\" id=\"sec-001b\">\n      <style data-mode=\"XXL\">@media (max-width: 0px) {\n  .u-block-092e-2 {\n    min-height: 884px;\n  }\n  .u-section-3 .u-layout-wrap-1 {\n    margin-top: 60px;\n    margin-bottom: 60px;\n  }\n  .u-section-3 .u-layout-cell-1 {\n    min-height: 754px;\n    --top-left-radius: 20px;\n  }\n  .u-section-3 .u-container-layout-1 {\n    padding-top: 30px;\n    padding-right: 30px;\n    padding-bottom: 30px;\n    padding-left: 0;\n  }\n  .u-section-3 .u-image-1 {\n    width: 611px;\n    height: 585px;\n    object-position: 55.03% 0.15%;\n    --radius: 10px;\n    margin-top: 0;\n    margin-right: auto;\n    margin-bottom: 0;\n    margin-left: 0;\n  }\n  .u-block-092e-16 {\n    min-height: 229px;\n    width: 370px;\n    height: auto;\n    --radius: 10px;\n    margin-top: -140px;\n    margin-right: 0;\n    margin-bottom: 0;\n    margin-left: auto;\n  }\n  .u-block-092e-17 {\n    padding-top: 20px;\n    padding-bottom: 20px;\n    padding-left: 20px;\n    padding-right: 20px;\n  }\n  .u-block-092e-18 {\n    margin-top: 0;\n    margin-right: auto;\n    margin-bottom: 0;\n    margin-left: 0;\n  }\n  .u-section-3 .u-layout-cell-2 {\n    min-height: 754px;\n    --animation-custom_in-translate_x: 300px;\n    --animation-custom_in-translate_y: 0px;\n    --animation-custom_in-opacity: 0;\n    --animation-custom_in-rotate: 0deg;\n    --animation-custom_in-scale: 1;\n  }\n  .u-section-3 .u-container-layout-2 {\n    padding-top: 30px;\n    padding-right: 0;\n    padding-bottom: 30px;\n    padding-left: 40px;\n  }\n  .u-section-3 .u-text-1 {\n    margin-top: 0;\n    margin-right: auto;\n    margin-bottom: 0;\n    margin-left: 0;\n  }\n  .u-section-3 .u-text-2 {\n    margin-top: 20px;\n    margin-right: auto;\n    margin-bottom: 0;\n    margin-left: 0;\n    font-size: 3.7647117647058828rem;\n  }\n  .u-section-3 .u-text-3 {\n    margin-top: 17px;\n    margin-right: auto;\n    margin-bottom: 0;\n    margin-left: 0;\n  }\n  .u-block-092e-12 {\n    margin-top: 30px;\n    margin-left: 0;\n    margin-right: 0;\n    margin-bottom: 0;\n  }\n  .u-block-092e-13 {\n    background-image: none;\n    font-weight: 400;\n    padding-top: 0;\n    padding-bottom: 0;\n    padding-left: 0;\n    padding-right: 0;\n  }\n  .u-block-092e-14 {\n    margin-top: 40px;\n    margin-right: auto;\n    margin-bottom: 0;\n    margin-left: 0;\n    padding-top: 19px;\n    padding-right: 49px;\n    padding-bottom: 19px;\n    padding-left: 47px;\n    font-weight: 700;\n    text-transform: uppercase;\n    font-size: 1rem;\n    letter-spacing: 1px;\n  }\n  .u-block-092e-15 {\n    font-size: 1rem;\n    margin-left: 0;\n    vertical-align: -1px;\n  }\n}<\/style>\n      <div class=\"u-clearfix u-sheet u-valign-bottom-lg u-valign-bottom-md u-valign-bottom-sm u-sheet-1\">\n        <div class=\"data-layout-selected u-clearfix u-expanded-width-xs u-layout-wrap u-layout-wrap-1\">\n          <div class=\"u-gutter-0 u-layout\">\n            <div class=\"u-layout-row\">\n              <div class=\"u-container-style u-layout-cell u-shape-rectangle u-size-30 u-layout-cell-1\">\n                <div class=\"u-container-layout u-valign-middle u-container-layout-1\">\n                  <img decoding=\"async\" class=\"custom-expanded u-image u-image-default u-image-1\" src=\"https:\/\/floramentis.pl\/wp-content\/uploads\/2025\/04\/mzg.jpg\" alt=\"wpis-3 kwietnia\" data-image-width=\"1120\" data-image-height=\"1120\" data-animation-name=\"customAnimationIn\" data-animation-duration=\"1000\" data-animation-delay=\"0\" data-animation-direction=\"\" title=\"wpis 3 kwietnia\">\n                <\/div>\n              <\/div>\n              <div class=\"u-align-center u-container-align-center u-container-align-center-lg u-container-align-center-md u-container-align-center-sm u-container-align-center-xl u-container-style u-layout-cell u-shape-rectangle u-size-30 u-layout-cell-2\">\n                <div class=\"u-container-layout u-container-layout-2\">\n                  <h1 class=\"u-custom-font u-text u-title u-text-1\">17 MAJA 2025&nbsp;<br style=\"\">\n                  <\/h1>\n                  <h1 class=\"u-custom-font u-text u-title u-text-2\">G\u0141ODUJ\u0104CY M\u00d3ZG - A JE\u015aLI DEPRESJA TO NIE PROBLEM CHARAKTERU, TYLKO ENERGII\u200b ? <\/h1>\n                  <p class=\"u-custom-font u-large-text u-text u-text-variant u-text-3\">Jest\nrok 1921. Dr Russell Wilder z Mayo Clinic szuka ratunku dla dzieci cierpi\u0105cych\nna lekooporn\u0105 padaczk\u0119. Leki zawodz\u0105, a napady wyrywaj\u0105 ma\u0142ych pacjent\u00f3w z\ncodzienno\u015bci, rujnuj\u0105c ich rozw\u00f3j i \u017cycie rodzin. <\/p>\n                  <a href=\"https:\/\/floramentis.pl\/?page_id=34#carousel_3dba\" class=\"u-active-white u-align-left u-border-none u-btn u-button-style u-custom-color-1 u-custom-font u-hover-custom-color-1 u-text-white u-btn-1\">CZYTAJ DALEJ&nbsp;&nbsp;<span class=\"u-file-icon u-icon u-text-white u-icon-1\"><img decoding=\"async\" src=\"https:\/\/floramentis.pl\/wp-content\/uploads\/2025\/04\/c9848c63.png\" alt=\"\" style=\"\"><\/span>\n                  <\/a>\n                <\/div>\n              <\/div>\n            <\/div>\n          <\/div>\n        <\/div>\n      <\/div>\n    <\/section>\n    <section class=\"u-clearfix u-section-4\" id=\"sec-ef60\">\n      <style data-mode=\"XXL\">@media (max-width: 0px) {\n  .u-block-e885-2 {\n    min-height: 884px;\n  }\n  .u-section-4 .u-layout-wrap-1 {\n    margin-top: 60px;\n    margin-bottom: 60px;\n  }\n  .u-section-4 .u-layout-cell-1 {\n    min-height: 754px;\n    --top-left-radius: 20px;\n  }\n  .u-section-4 .u-container-layout-1 {\n    padding-top: 30px;\n    padding-right: 30px;\n    padding-bottom: 30px;\n    padding-left: 0;\n  }\n  .u-section-4 .u-image-1 {\n    width: 611px;\n    height: 585px;\n    object-position: 55.03% 0.15%;\n    --radius: 10px;\n    margin-top: 0;\n    margin-right: auto;\n    margin-bottom: 0;\n    margin-left: 0;\n  }\n  .u-block-e885-16 {\n    min-height: 229px;\n    width: 370px;\n    height: auto;\n    --radius: 10px;\n    margin-top: -140px;\n    margin-right: 0;\n    margin-bottom: 0;\n    margin-left: auto;\n  }\n  .u-block-e885-17 {\n    padding-top: 20px;\n    padding-bottom: 20px;\n    padding-left: 20px;\n    padding-right: 20px;\n  }\n  .u-block-e885-18 {\n    margin-top: 0;\n    margin-right: auto;\n    margin-bottom: 0;\n    margin-left: 0;\n  }\n  .u-section-4 .u-layout-cell-2 {\n    min-height: 754px;\n    --animation-custom_in-translate_x: 300px;\n    --animation-custom_in-translate_y: 0px;\n    --animation-custom_in-opacity: 0;\n    --animation-custom_in-rotate: 0deg;\n    --animation-custom_in-scale: 1;\n  }\n  .u-section-4 .u-container-layout-2 {\n    padding-top: 30px;\n    padding-right: 0;\n    padding-bottom: 30px;\n    padding-left: 40px;\n  }\n  .u-section-4 .u-text-1 {\n    margin-top: 0;\n    margin-right: auto;\n    margin-bottom: 0;\n    margin-left: 0;\n  }\n  .u-section-4 .u-text-2 {\n    margin-top: 20px;\n    margin-right: auto;\n    margin-bottom: 0;\n    margin-left: 0;\n    font-size: 3.7647117647058828rem;\n  }\n  .u-section-4 .u-text-3 {\n    margin-top: 17px;\n    margin-right: auto;\n    margin-bottom: 0;\n    margin-left: 0;\n  }\n  .u-block-e885-12 {\n    margin-top: 30px;\n    margin-left: 0;\n    margin-right: 0;\n    margin-bottom: 0;\n  }\n  .u-block-e885-13 {\n    background-image: none;\n    font-weight: 400;\n    padding-top: 0;\n    padding-bottom: 0;\n    padding-left: 0;\n    padding-right: 0;\n  }\n  .u-block-e885-14 {\n    margin-top: 40px;\n    margin-right: auto;\n    margin-bottom: 0;\n    margin-left: 0;\n    padding-top: 19px;\n    padding-right: 49px;\n    padding-bottom: 19px;\n    padding-left: 47px;\n    font-weight: 700;\n    text-transform: uppercase;\n    font-size: 1rem;\n    letter-spacing: 1px;\n  }\n  .u-block-e885-15 {\n    font-size: 1rem;\n    margin-left: 0;\n    vertical-align: -1px;\n  }\n}<\/style>\n      <div class=\"u-clearfix u-sheet u-valign-bottom-lg u-valign-bottom-md u-valign-bottom-sm u-sheet-1\">\n        <div class=\"data-layout-selected u-clearfix u-expanded-width-xs u-layout-wrap u-layout-wrap-1\">\n          <div class=\"u-gutter-0 u-layout\">\n            <div class=\"u-layout-row\">\n              <div class=\"u-container-style u-layout-cell u-shape-rectangle u-size-30 u-layout-cell-1\">\n                <div class=\"u-container-layout u-valign-middle u-container-layout-1\">\n                  <img decoding=\"async\" class=\"custom-expanded u-image u-image-default u-image-1\" src=\"https:\/\/floramentis.pl\/wp-content\/uploads\/2025\/04\/kolage2.jpeg\" alt=\"wpis-3 kwietnia\" data-image-width=\"3098\" data-image-height=\"3872\" data-animation-name=\"customAnimationIn\" data-animation-duration=\"1000\" data-animation-delay=\"0\" data-animation-direction=\"\" title=\"wpis 3 kwietnia\">\n                <\/div>\n              <\/div>\n              <div class=\"u-align-center u-container-align-center u-container-align-center-lg u-container-align-center-md u-container-align-center-sm u-container-align-center-xl u-container-style u-layout-cell u-shape-rectangle u-size-30 u-layout-cell-2\">\n                <div class=\"u-container-layout u-container-layout-2\">\n                  <h1 class=\"u-custom-font u-text u-title u-text-1\">3 kwietnia 2025&nbsp;<br style=\"\">\n                  <\/h1>\n                  <h1 class=\"u-custom-font u-text u-title u-text-2\">GDZIE SZUKA\u0106 PRAWDY O ZDROWYM OD\u017bYWIANIU\u200b ? <\/h1>\n                  <p class=\"u-custom-font u-large-text u-text u-text-variant u-text-3\"> W nat\u0142oku sprzecznych informacji \u0142atwo si\u0119 pogubi\u0107. Jednego\ndnia s\u0142yszymy, \u017ce t\u0142uszcze s\u0105 z\u0142e, kolejnego \u2013 \u017ce to cukier jest najwi\u0119kszym\nwrogiem. Zalecenia zmieniaj\u0105 si\u0119 szybciej ni\u017c trendy w modzie, a tymczasem\nchoroby cywilizacyjne przybieraj\u0105 na sile. <\/p>\n                  <a href=\"https:\/\/floramentis.pl\/?page_id=34#sec-13bb\" class=\"u-active-white u-align-left u-border-none u-btn u-button-style u-custom-color-1 u-custom-font u-hover-custom-color-1 u-text-white u-btn-1\">CZYTAJ DALEJ&nbsp;&nbsp;<span class=\"u-file-icon u-icon u-text-white u-icon-1\"><img decoding=\"async\" src=\"https:\/\/floramentis.pl\/wp-content\/uploads\/2025\/04\/c9848c63.png\" alt=\"\" style=\"\"><\/span>\n                  <\/a>\n                <\/div>\n              <\/div>\n            <\/div>\n          <\/div>\n        <\/div>\n      <\/div>\n    <\/section>\n    <section class=\"u-clearfix u-valign-middle-lg u-valign-middle-md u-valign-middle-sm u-valign-middle-xs u-section-5\" id=\"sec-6163\">\n      <style data-mode=\"XXL\">@media (max-width: 0px) {\n  .u-block-0fed-2 {\n    min-height: 884px;\n  }\n  .u-section-5 .u-layout-wrap-1 {\n    margin-top: 60px;\n    margin-bottom: 60px;\n  }\n  .u-block-0fed-9 {\n    min-height: 754px;\n    --top-left-radius: 20px;\n  }\n  .u-block-0fed-10 {\n    padding-top: 30px;\n    padding-right: 30px;\n    padding-bottom: 30px;\n    padding-left: 0;\n  }\n  .u-block-0fed-11 {\n    width: 611px;\n    height: 585px;\n    object-position: 55.03% 0.15%;\n    --radius: 10px;\n    margin-top: 0;\n    margin-right: auto;\n    margin-bottom: 0;\n    margin-left: 0;\n  }\n  .u-section-5 .u-layout-cell-1 {\n    min-height: 229px;\n    width: 370px;\n    height: auto;\n    --radius: 10px;\n    margin-top: -140px;\n    margin-right: 0;\n    margin-bottom: 0;\n    margin-left: auto;\n  }\n  .u-section-5 .u-container-layout-1 {\n    padding-top: 20px;\n    padding-bottom: 20px;\n    padding-left: 20px;\n    padding-right: 20px;\n  }\n  .u-section-5 .u-image-1 {\n    margin-top: 0;\n    margin-right: auto;\n    margin-bottom: 0;\n    margin-left: 0;\n  }\n  .u-section-5 .u-layout-cell-2 {\n    min-height: 754px;\n    --animation-custom_in-translate_x: 300px;\n    --animation-custom_in-translate_y: 0px;\n    --animation-custom_in-opacity: 0;\n    --animation-custom_in-rotate: 0deg;\n    --animation-custom_in-scale: 1;\n  }\n  .u-section-5 .u-container-layout-2 {\n    padding-top: 30px;\n    padding-right: 0;\n    padding-bottom: 30px;\n    padding-left: 40px;\n  }\n  .u-section-5 .u-text-1 {\n    margin-top: 0;\n    margin-right: auto;\n    margin-bottom: 0;\n    margin-left: 0;\n  }\n  .u-section-5 .u-text-2 {\n    margin-top: 20px;\n    margin-right: auto;\n    margin-bottom: 0;\n    margin-left: 0;\n    font-size: 3.7647117647058828rem;\n  }\n  .u-section-5 .u-text-3 {\n    margin-top: 17px;\n    margin-right: auto;\n    margin-bottom: 0;\n    margin-left: 0;\n  }\n  .u-block-0fed-12 {\n    margin-top: 30px;\n    margin-left: 0;\n    margin-right: 0;\n    margin-bottom: 0;\n  }\n  .u-block-0fed-13 {\n    background-image: none;\n    font-weight: 400;\n    padding-top: 0;\n    padding-bottom: 0;\n    padding-left: 0;\n    padding-right: 0;\n  }\n  .u-section-5 .u-btn-1 {\n    margin-top: 40px;\n    margin-right: auto;\n    margin-bottom: 0;\n    margin-left: 0;\n    padding-top: 19px;\n    padding-right: 49px;\n    padding-bottom: 19px;\n    padding-left: 47px;\n    font-weight: 700;\n    text-transform: uppercase;\n    font-size: 1rem;\n    letter-spacing: 1px;\n  }\n  .u-section-5 .u-icon-1 {\n    font-size: 1rem;\n    margin-left: 0;\n    vertical-align: -1px;\n  }\n}<\/style>\n      <div class=\"u-clearfix u-sheet u-valign-bottom-lg u-valign-bottom-md u-valign-bottom-sm u-sheet-1\">\n        <div class=\"u-align-center u-border-1 u-border-custom-color-1 u-line u-line-horizontal u-opacity u-opacity-30 u-line-1\"><\/div>\n        <div class=\"data-layout-selected u-clearfix u-expanded-width-xs u-gutter-0 u-layout-wrap u-layout-wrap-1\">\n          <div class=\"u-gutter-0 u-layout\">\n            <div class=\"u-layout-row\">\n              <div class=\"u-container-style u-layout-cell u-shape-rectangle u-size-30 u-layout-cell-1\">\n                <div class=\"u-container-layout u-valign-middle u-container-layout-1\">\n                  <img decoding=\"async\" class=\"u-image u-image-default u-image-1\" src=\"https:\/\/floramentis.pl\/wp-content\/uploads\/2025\/04\/kurczakwpapierze.jpeg\" alt=\"wpis-20 marca\" data-image-width=\"1111\" data-image-height=\"1466\" data-animation-name=\"customAnimationIn\" data-animation-duration=\"1000\" data-animation-delay=\"0\" title=\"wpis 20 marca\">\n                <\/div>\n              <\/div>\n              <div class=\"u-align-center u-container-align-center u-container-style u-layout-cell u-shape-rectangle u-size-30 u-layout-cell-2\">\n                <div class=\"u-container-layout u-container-layout-2\">\n                  <h1 class=\"u-custom-font u-text u-title u-text-1\">20 marca 2025&nbsp;<br style=\"\">\n                  <\/h1>\n                  <h1 class=\"u-custom-font u-text u-title u-text-2\">historia zapisana w smaku - potrawka z kurczaka i opowie\u015b\u0107 o pradziadku<\/h1>\n                  <p class=\"u-custom-font u-large-text u-text u-text-variant u-text-3\"> O\nw\u0142a\u015bciwo\u015bciach prozdrowotnych potrawki z kurczaka powiedziano i napisano wiele,\na ja na potwierdzenie tego przytocz\u0119 fragment z ksi\u0105\u017cki...&nbsp;<\/p>\n                  <a href=\"https:\/\/floramentis.pl\/?page_id=34#sec-a659\" class=\"u-active-white u-align-left u-border-none u-btn u-button-style u-custom-color-1 u-custom-font u-hover-custom-color-1 u-text-body-alt-color u-btn-1\">CZYTAJ DALEJ&nbsp;&nbsp;<span class=\"u-file-icon u-icon u-text-white u-icon-1\"><img decoding=\"async\" src=\"https:\/\/floramentis.pl\/wp-content\/uploads\/2025\/04\/c9848c63.png\" alt=\"\" style=\"\"><\/span>\n                  <\/a>\n                <\/div>\n              <\/div>\n            <\/div>\n          <\/div>\n        <\/div>\n      <\/div>\n    <\/section>\n    <section class=\"u-clearfix u-valign-middle-lg u-valign-middle-md u-valign-middle-sm u-section-6\" id=\"sec-4d5b\">\n      <style data-mode=\"XXL\">@media (max-width: 0px) {\n  .u-block-4e46-2 {\n    min-height: 884px;\n  }\n  .u-section-6 .u-layout-wrap-1 {\n    margin-top: 60px;\n    margin-bottom: 60px;\n  }\n  .u-block-4e46-9 {\n    min-height: 754px;\n    --top-left-radius: 20px;\n  }\n  .u-block-4e46-10 {\n    padding-top: 30px;\n    padding-right: 30px;\n    padding-bottom: 30px;\n    padding-left: 0;\n  }\n  .u-block-4e46-11 {\n    width: 611px;\n    height: 585px;\n    object-position: 55.03% 0.15%;\n    --radius: 10px;\n    margin-top: 0;\n    margin-right: auto;\n    margin-bottom: 0;\n    margin-left: 0;\n  }\n  .u-section-6 .u-layout-cell-1 {\n    min-height: 229px;\n    width: 370px;\n    height: auto;\n    --radius: 10px;\n    margin-top: -140px;\n    margin-right: 0;\n    margin-bottom: 0;\n    margin-left: auto;\n  }\n  .u-section-6 .u-container-layout-1 {\n    padding-top: 20px;\n    padding-bottom: 20px;\n    padding-left: 20px;\n    padding-right: 20px;\n  }\n  .u-section-6 .u-image-1 {\n    margin-top: 0;\n    margin-right: auto;\n    margin-bottom: 0;\n    margin-left: 0;\n  }\n  .u-section-6 .u-layout-cell-2 {\n    min-height: 754px;\n    --animation-custom_in-translate_x: 300px;\n    --animation-custom_in-translate_y: 0px;\n    --animation-custom_in-opacity: 0;\n    --animation-custom_in-rotate: 0deg;\n    --animation-custom_in-scale: 1;\n  }\n  .u-section-6 .u-container-layout-2 {\n    padding-top: 30px;\n    padding-right: 0;\n    padding-bottom: 30px;\n    padding-left: 40px;\n  }\n  .u-section-6 .u-text-1 {\n    margin-top: 0;\n    margin-right: auto;\n    margin-bottom: 0;\n    margin-left: 0;\n  }\n  .u-section-6 .u-text-2 {\n    margin-top: 20px;\n    margin-right: auto;\n    margin-bottom: 0;\n    margin-left: 0;\n    font-size: 3.7647117647058828rem;\n  }\n  .u-section-6 .u-text-3 {\n    margin-top: 17px;\n    margin-right: auto;\n    margin-bottom: 0;\n    margin-left: 0;\n  }\n  .u-block-4e46-12 {\n    margin-top: 30px;\n    margin-left: 0;\n    margin-right: 0;\n    margin-bottom: 0;\n  }\n  .u-block-4e46-13 {\n    background-image: none;\n    font-weight: 400;\n    padding-top: 0;\n    padding-bottom: 0;\n    padding-left: 0;\n    padding-right: 0;\n  }\n  .u-section-6 .u-btn-1 {\n    margin-top: 40px;\n    margin-right: auto;\n    margin-bottom: 0;\n    margin-left: 0;\n    padding-top: 19px;\n    padding-right: 49px;\n    padding-bottom: 19px;\n    padding-left: 47px;\n    font-weight: 700;\n    text-transform: uppercase;\n    font-size: 1rem;\n    letter-spacing: 1px;\n  }\n  .u-section-6 .u-icon-1 {\n    font-size: 1rem;\n    margin-left: 0;\n    vertical-align: -1px;\n  }\n}<\/style>\n      <div class=\"u-clearfix u-sheet u-valign-middle-lg u-valign-middle-md u-valign-middle-sm u-sheet-1\">\n        <div class=\"u-align-center u-border-1 u-border-custom-color-1 u-line u-line-horizontal u-opacity u-opacity-30 u-line-1\"><\/div>\n        <div class=\"data-layout-selected u-clearfix u-expanded-width-xs u-layout-wrap u-layout-wrap-1\">\n          <div class=\"u-gutter-0 u-layout\">\n            <div class=\"u-layout-row\">\n              <div class=\"u-container-style u-layout-cell u-shape-rectangle u-size-31 u-layout-cell-1\">\n                <div class=\"u-container-layout u-valign-middle-lg u-valign-middle-md u-valign-middle-sm u-valign-middle-xl u-container-layout-1\">\n                  <img decoding=\"async\" class=\"u-image u-image-default u-image-1\" src=\"https:\/\/floramentis.pl\/wp-content\/uploads\/2025\/04\/weston.jpeg\" alt=\"wpis-26 lutego\" data-image-width=\"3098\" data-image-height=\"3872\" data-animation-name=\"customAnimationIn\" data-animation-duration=\"1000\" data-animation-delay=\"0\" title=\"wpis 26 lutego\">\n                <\/div>\n              <\/div>\n              <div class=\"u-align-center u-container-align-center u-container-align-center-lg u-container-align-center-md u-container-align-center-sm u-container-align-center-xl u-container-style u-layout-cell u-shape-rectangle u-size-29 u-layout-cell-2\">\n                <div class=\"u-container-layout u-container-layout-2\">\n                  <h1 class=\"u-custom-font u-text u-title u-text-1\">26 lutego 2025&nbsp;<br style=\"\">\n                  <\/h1>\n                  <h1 class=\"u-custom-font u-text u-title u-text-2\">zdrowie bez warzyw?&nbsp;<br>oto co odkry\u0142 weston a. price<br>\n                  <\/h1>\n                  <p class=\"u-large-text u-text u-text-variant u-text-3\"> Weston\nA. Price by\u0142 znanym kanadyjskim dentyst\u0105, \u017cyj\u0105cym na pocz\u0105tku XX wieku, kt\u00f3ry\nzauwa\u017cy\u0142, \u017ce jego pacjenci coraz cz\u0119\u015bciej cierpi\u0105 na pr\u00f3chnic\u0119...&nbsp;<\/p>\n                  <a href=\"https:\/\/floramentis.pl\/?page_id=34#sec-717c\" class=\"u-active-white u-align-left u-border-none u-btn u-button-style u-custom-color-1 u-custom-font u-hover-custom-color-1 u-text-body-alt-color u-btn-1\">CZYTAJ DALEJ&nbsp;&nbsp;<span class=\"u-file-icon u-icon u-text-white u-icon-1\"><img decoding=\"async\" src=\"https:\/\/floramentis.pl\/wp-content\/uploads\/2025\/04\/c9848c63.png\" alt=\"\" style=\"\"><\/span>\n                  <\/a>\n                <\/div>\n              <\/div>\n            <\/div>\n          <\/div>\n        <\/div>\n        <div class=\"u-align-center u-border-1 u-border-custom-color-1 u-expanded-width-xs u-line u-line-horizontal u-opacity u-opacity-30 u-line-2\"><\/div>\n      <\/div>\n    <\/section>\n    \n    \n    \n  \n<\/div>","protected":false},"excerpt":{"rendered":"<p>&nbsp;\u200bGABINET DIETETYCZNY, KT\u00d3RY POWSTA\u0141 Z POTRZEBY ZMIANY W \u015bwiecie szybkich diet, chwilowych efekt\u00f3w i niesko\u0144czonych zakaz\u00f3w powsta\u0142o miejsce inne ni\u017c wszystkie. Gabinet dietetyczny, w kt\u00f3rym liczy si\u0119 prawdziwe zdrowie, \u015bwiadome wybory i szacunek do indywidualnych potrzeb. Filozofia opiera si\u0119 na g\u0119sto od\u017cywczym, niskow\u0119glowodanowym od\u017cywianiu, bazuj\u0105cym na naturalnych, sprawdzonych przez pokolenia produktach. Wi\u0119cej znajdziesz tutaj Wspierane&hellip; <a class=\"more-link\" href=\"https:\/\/floramentis.pl\/\">Czytaj dalej <span class=\"screen-reader-text\">Strona g\u0142\u00f3wna<\/span><\/a><\/p>\n","protected":false},"author":1,"featured_media":0,"parent":0,"menu_order":3,"comment_status":"closed","ping_status":"closed","template":"","meta":{"om_disable_all_campaigns":false,"_monsterinsights_skip_tracking":false,"_monsterinsights_sitenote_active":false,"_monsterinsights_sitenote_note":"","_monsterinsights_sitenote_category":0,"footnotes":""},"class_list":["post-31","page","type-page","status-publish","hentry","entry"],"aioseo_notices":[],"_links":{"self":[{"href":"https:\/\/floramentis.pl\/index.php?rest_route=\/wp\/v2\/pages\/31","targetHints":{"allow":["GET"]}}],"collection":[{"href":"https:\/\/floramentis.pl\/index.php?rest_route=\/wp\/v2\/pages"}],"about":[{"href":"https:\/\/floramentis.pl\/index.php?rest_route=\/wp\/v2\/types\/page"}],"author":[{"embeddable":true,"href":"https:\/\/floramentis.pl\/index.php?rest_route=\/wp\/v2\/users\/1"}],"replies":[{"embeddable":true,"href":"https:\/\/floramentis.pl\/index.php?rest_route=%2Fwp%2Fv2%2Fcomments&post=31"}],"version-history":[{"count":32,"href":"https:\/\/floramentis.pl\/index.php?rest_route=\/wp\/v2\/pages\/31\/revisions"}],"predecessor-version":[{"id":415,"href":"https:\/\/floramentis.pl\/index.php?rest_route=\/wp\/v2\/pages\/31\/revisions\/415"}],"wp:attachment":[{"href":"https:\/\/floramentis.pl\/index.php?rest_route=%2Fwp%2Fv2%2Fmedia&parent=31"}],"curies":[{"name":"wp","href":"https:\/\/api.w.org\/{rel}","templated":true}]}}