{"id":30,"date":"2025-04-14T11:07:40","date_gmt":"2025-04-14T09:07:40","guid":{"rendered":"https:\/\/floramentis.pl\/?page_id=30"},"modified":"2025-05-23T18:00:13","modified_gmt":"2025-05-23T16:00:13","slug":"uslugi-dietetyczne","status":"publish","type":"page","link":"https:\/\/floramentis.pl\/?page_id=30","title":{"rendered":"US\u0141UGI DIETETYCZNE"},"content":{"rendered":"<div class=\"\" style=\"\" >\n    \n    <section class=\"u-clearfix u-section-2\" id=\"block-2\">\n      <div class=\"u-clearfix u-sheet u-valign-top u-sheet-1\">\n        <h1 class=\"u-align-center u-custom-font u-text u-text-custom-color-1 u-title u-text-1\"> US\u0141UGI DIETETYCZNE<\/h1>\n        <p class=\"u-custom-font u-text u-text-2\"><span style=\"font-weight: 700; font-size: 1.5rem;\"><b><span style=\"font-style: normal;\">Pierwsza\nkonsultacja<\/span><\/b><\/span>\n          <br>Czas trwania: do 60 minut&nbsp;<br>Cena: <b>300 z\u0142<\/b>\n          <br>\n          <br> Podczas pierwszego spotkania przeprowadzam szczeg\u00f3\u0142owy\nwywiad \u017cywieniowy, aby lepiej pozna\u0107 Tw\u00f3j dotychczasowy spos\u00f3b od\u017cywiania,\nwyniki bada\u0144 laboratoryjnych oraz ewentualne schorzenia. Zadam Ci r\u00f3wnie\u017c\npytania dotycz\u0105ce Twojej aktywno\u015bci fizycznej, wcze\u015bniejszych diet i stylu\n\u017cycia.\nWsp\u00f3lnie ustalimy Tw\u00f3j cel \u017cywieniowy oraz najwa\u017cniejsze\nzasady diety dopasowanej do Twoich potrzeb, tworz\u0105c wst\u0119pny zarys dalszego\nplanu \u017cywieniowego. Konsultacja dietetyczna nie obejmuje jad\u0142ospisu, ale\ndostarczy Ci konkretnych wskaz\u00f3wek i strategii, kt\u00f3re pomog\u0105 Ci wprowadzi\u0107\ntrwa\u0142e zmiany w codziennym od\u017cywianiu.<br>A to wszystko przy kawie w mi\u0142ej atmosferze. <br>\n          <br>\n          <br><span style=\"font-size: 1.5rem;\"><b>Konsultacja\nkontrolna<\/b><\/span><span style=\"font-size: 1.5rem;\"><\/span>\n          <br>Czas trwania: do 45 minut&nbsp;<br>Cena: <b>200-250 z\u0142<\/b>\n          <br>\n          <br>Podczas kolejnego spotkania monitorujemy Twoje post\u0119py i\ndostosowujemy dalsze zalecenia. Analizujemy wprowadzone zmiany w diecie,\nomawiamy ewentualne trudno\u015bci oraz sprawdzamy skuteczno\u015b\u0107 wcze\u015bniejszych\nzalece\u0144. Przegl\u0105damy dzienniczek \u017cywieniowy, aby lepiej zrozumie\u0107 Twoje nawyki\ni zoptymalizowa\u0107 kolejne kroki. Konsultacja to r\u00f3wnie\u017c przestrze\u0144 do rozmowy na\ntemat zdrowego od\u017cywiania, dzi\u0119ki czemu mo\u017cesz poszerzy\u0107 swoj\u0105 wiedz\u0119 i jeszcze\nlepiej zrozumie\u0107, jak \u015bwiadomie dba\u0107 o swoje zdrowie. Regularne spotkania\nkontrolne pomagaj\u0105 utrzyma\u0107 motywacj\u0119 i skutecznie realizowa\u0107 d\u0142ugoterminowe\ncele \u017cywieniowe. \n        <\/p>\n        <p class=\"u-align-left u-custom-font u-text u-text-default u-text-3\"><span style=\"font-size: 1.5rem; font-weight: 700;\"> P\u0142atno\u015b\u0107 za wizyt\u0119 ui\u015bci\u0107 mo\u017cna:<\/span><b>\n            <br>\n            <br><span style=\"font-size: 1.25rem;\">Got\u00f3wk\u0105<\/span>\n            <br>\n            <br><span style=\"font-size: 1.25rem;\">BLIKiem&nbsp;<span style=\"font-size: 1.125rem;\"> na telefon<\/span><\/span>\n            <br>\n            <br><span style=\"font-size: 1.25rem;\">Przedp\u0142at\u0105 na konto<\/span>\n            <br>\n            <br>\n            <br><span style=\"font-size: 1.25rem; font-weight: 400;\">Dane na do przelewu:<\/span><\/b><span style=\"font-size: 1.25rem;\">\n            <br>\n            <br>Monika Drozd<br>\n            <br>Bank Pekao&nbsp;&nbsp;<\/span>\n          <br><span style=\"font-size: 1.25rem;\"><span style=\"font-weight: 700; font-size: 1.375rem;\">96 1240 4722 1111 0011 0630 7976<\/span>\n            <br>&nbsp;<br>tytu\u0142em: wizyta pierwsza lub kontrolna.<\/span>\n        <\/p>\n      <\/div>\n    <\/section>\n    \n    \n    \n  \n<\/div>","protected":false},"excerpt":{"rendered":"<p>US\u0141UGI DIETETYCZNE Pierwsza konsultacja Czas trwania: do 60 minut&nbsp;Cena: 300 z\u0142 Podczas pierwszego spotkania przeprowadzam szczeg\u00f3\u0142owy wywiad \u017cywieniowy, aby lepiej pozna\u0107 Tw\u00f3j dotychczasowy spos\u00f3b od\u017cywiania, wyniki bada\u0144 laboratoryjnych oraz ewentualne schorzenia. Zadam Ci r\u00f3wnie\u017c pytania dotycz\u0105ce Twojej aktywno\u015bci fizycznej, wcze\u015bniejszych diet i stylu \u017cycia. Wsp\u00f3lnie ustalimy Tw\u00f3j cel \u017cywieniowy oraz najwa\u017cniejsze zasady diety dopasowanej do&hellip; <a class=\"more-link\" href=\"https:\/\/floramentis.pl\/?page_id=30\">Czytaj dalej <span class=\"screen-reader-text\">US\u0141UGI DIETETYCZNE<\/span><\/a><\/p>\n","protected":false},"author":1,"featured_media":0,"parent":0,"menu_order":2,"comment_status":"closed","ping_status":"closed","template":"","meta":{"om_disable_all_campaigns":false,"_monsterinsights_skip_tracking":false,"_monsterinsights_sitenote_active":false,"_monsterinsights_sitenote_note":"","_monsterinsights_sitenote_category":0,"footnotes":""},"class_list":["post-30","page","type-page","status-publish","hentry","entry"],"aioseo_notices":[],"_links":{"self":[{"href":"https:\/\/floramentis.pl\/index.php?rest_route=\/wp\/v2\/pages\/30","targetHints":{"allow":["GET"]}}],"collection":[{"href":"https:\/\/floramentis.pl\/index.php?rest_route=\/wp\/v2\/pages"}],"about":[{"href":"https:\/\/floramentis.pl\/index.php?rest_route=\/wp\/v2\/types\/page"}],"author":[{"embeddable":true,"href":"https:\/\/floramentis.pl\/index.php?rest_route=\/wp\/v2\/users\/1"}],"replies":[{"embeddable":true,"href":"https:\/\/floramentis.pl\/index.php?rest_route=%2Fwp%2Fv2%2Fcomments&post=30"}],"version-history":[{"count":14,"href":"https:\/\/floramentis.pl\/index.php?rest_route=\/wp\/v2\/pages\/30\/revisions"}],"predecessor-version":[{"id":416,"href":"https:\/\/floramentis.pl\/index.php?rest_route=\/wp\/v2\/pages\/30\/revisions\/416"}],"wp:attachment":[{"href":"https:\/\/floramentis.pl\/index.php?rest_route=%2Fwp%2Fv2%2Fmedia&parent=30"}],"curies":[{"name":"wp","href":"https:\/\/api.w.org\/{rel}","templated":true}]}}