{"id":29,"date":"2025-04-14T11:07:39","date_gmt":"2025-04-14T09:07:39","guid":{"rendered":"https:\/\/floramentis.pl\/?page_id=29"},"modified":"2025-05-23T18:06:40","modified_gmt":"2025-05-23T16:06:40","slug":"floramentis-4","status":"publish","type":"page","link":"https:\/\/floramentis.pl\/?page_id=29","title":{"rendered":"Kontakt"},"content":{"rendered":"<div class=\"\" style=\"\" >\n    \n    <section class=\"u-clearfix u-white u-section-2\" id=\"sec-c797\">\n      <div class=\"u-opacity u-opacity-75 u-shape u-shape-rectangle u-white u-shape-1\" data-animation-name=\"customAnimationIn\" data-animation-duration=\"1500\" data-animation-delay=\"500\"><\/div>\n      <div class=\"u-custom-color-1 u-shape u-shape-rectangle u-shape-2\" data-animation-name=\"customAnimationIn\" data-animation-duration=\"1500\" data-animation-delay=\"0\"><\/div>\n      <div class=\"data-layout-selected u-clearfix u-gutter-10 u-layout-wrap u-layout-wrap-1\">\n        <div class=\"u-gutter-0 u-layout\">\n          <div class=\"u-layout-row\">\n            <div class=\"u-align-left-lg u-align-left-xl u-container-style u-layout-cell u-left-cell u-size-29-md u-size-29-sm u-size-29-xs u-size-30-lg u-size-30-xl u-layout-cell-1\" data-animation-name=\"customAnimationIn\" data-animation-duration=\"1750\" data-animation-delay=\"500\">\n              <div class=\"u-container-layout u-valign-bottom-lg u-valign-bottom-sm u-container-layout-1\">\n                <h2 class=\"u-custom-font u-text u-text-1\">Jak um\u00f3wi\u0107 si\u0119\u200b\u200b\u200b na wizyt\u0119 ?<\/h2>\n                <p class=\"u-align-left u-custom-font u-text u-text-2\"> Rejestracji na wizyt\u0119 mo\u017cna dokona\u0107 osobi\u015bcie w gabinecie, mailowo lub telefonicznie<\/p>\n                <p class=\"u-align-left u-custom-font u-text u-text-3\">w godzinach:<br>poniedzia\u0142ek:<br><span style=\"font-weight: 400;\">wtorek:<\/span>\n                  <br><span style=\"font-weight: 400;\">\u015broda:<\/span>\n                  <br><span style=\"font-weight: 400;\">czwartek:<\/span>\n                  <br><span style=\"font-weight: 400;\">pi\u0105tek:<\/span>\n                  <br><span style=\"font-weight: 400;\">sobota:<\/span><span style=\"font-weight: 400;\"><\/span>\n                <\/p>\n                <p class=\"u-align-left u-custom-font u-text u-text-4\"> 10-18<br><span style=\"font-weight: 400;\">10-14<\/span>\n                  <br><span style=\"font-weight: 400;\">10-18<\/span>\n                  <br><span style=\"font-weight: 400;\">10-14<\/span>\n                  <br><span style=\"font-weight: 400;\">10-18<\/span>\n                  <br><span style=\"font-weight: 400;\">10-14<\/span><span style=\"font-weight: 400;\"><\/span>\n                <\/p>\n                <p class=\"u-align-left u-custom-font u-text u-text-5\"> Gabinet Dietetyczny Flora Mentis<br>ul. Krakowskie Przedmie\u015bcie 312\u200b (I pi\u0119tro)<br>32-087 Zielonki \n                <\/p>\n                <div class=\"u-shape u-shape-svg u-text-palette-1-base u-shape-3\">\n                  <svg class=\"u-svg-link\" preserveAspectRatio=\"none\" viewBox=\"0 0 160 120\" style=\"\"><use xlink:href=\"#svg-72de\"><\/use><\/svg>\n                  <svg class=\"u-svg-content\" viewBox=\"0 0 160 120\" x=\"0px\" y=\"0px\" id=\"svg-72de\" style=\"enable-background:new 0 0 160 120;\"><g><path d=\"M159.9,12.2c0-0.2,0.1-0.4,0.1-0.6l-48.8,49.5L160,109c0-0.3-0.1-0.7-0.1-1V12.2L159.9,12.2z\"><\/path><path d=\"M103.7,68.7L83.8,88.9c-1,1-2.3,1.5-3.6,1.5c-1.3,0-2.6-0.5-3.6-1.5L56.7,69.4L7.6,119.2c1.2,0.5,2.5,0.8,3.8,0.8h137.4\n\t\tc2,0,3.9-0.6,5.5-1.6L103.7,68.7z\"><\/path><path d=\"M80.1,77.4l74.5-75.6c-1.7-1.1-3.7-1.8-5.8-1.8H11.5C8.8,0,6.2,1.1,4.3,2.8L80.1,77.4z\"><\/path><path d=\"M0,14v94c0,1.1,0.2,2.1,0.5,3.1L49,62L0,14z\"><\/path>\n<\/g><\/svg>\n                <\/div>\n                <a href=\"mailto:dietoterapia@floramentis.pl\" class=\"u-active-none u-btn u-btn-rectangle u-button-style u-custom-font u-hover-none u-none u-text-black u-text-hover-black u-btn-1\"><span class=\"u-icon u-icon-1\"><\/span>&nbsp;dietoterapia@floramentis.pl \n                <\/a>\n                <a href=\"tel:+48 571 874 400\" class=\"u-active-none u-btn u-button-style u-custom-font u-hover-none u-none u-text-black u-text-hover-black u-btn-2\"><span class=\"u-icon u-text-palette-1-base\"><svg class=\"u-svg-content\" viewBox=\"0 0 405.333 405.333\" x=\"0px\" y=\"0px\" style=\"width: 1em; height: 1em;\"><path d=\"M373.333,266.88c-25.003,0-49.493-3.904-72.704-11.563c-11.328-3.904-24.192-0.896-31.637,6.699l-46.016,34.752    c-52.8-28.181-86.592-61.952-114.389-114.368l33.813-44.928c8.512-8.512,11.563-20.971,7.915-32.64    C142.592,81.472,138.667,56.96,138.667,32c0-17.643-14.357-32-32-32H32C14.357,0,0,14.357,0,32    c0,205.845,167.488,373.333,373.333,373.333c17.643,0,32-14.357,32-32V298.88C405.333,281.237,390.976,266.88,373.333,266.88z\"><\/path><\/svg><\/span>+48 571 874 400 \n                <\/a>\n              <\/div>\n            <\/div>\n            <div class=\"u-align-left u-container-align-left u-container-style u-layout-cell u-right-cell u-size-30-lg u-size-30-xl u-size-31-md u-size-31-sm u-size-31-xs u-layout-cell-2\" data-animation-name=\"customAnimationIn\" data-animation-duration=\"1500\" data-animation-delay=\"500\">\n              <div class=\"u-container-layout\">\n                <div class=\"u-align-left u-expanded u-grey-10 u-map u-map-1\" data-animation-name=\"customAnimationIn\" data-animation-duration=\"1000\" data-animation-delay=\"0\">\n                  <div class=\"embed-responsive\">\n                    <iframe class=\"embed-responsive-item\" src=\"https:\/\/maps.google.com\/maps?output=embed&amp;q=zielonki%20krakowskie%20przedmie%C5%9Bcie%20312&amp;z=17&amp;t=m\" data-map=\"JTdCJTIycG9zaXRpb25UeXBlJTIyJTNBJTIybWFwLXBvaW50JTIyJTJDJTIyYWRkcmVzcyUyMiUzQSUyMnppZWxvbmtpJTIwa3Jha293c2tpZSUyMHByemVkbWllJUM1JTlCY2llJTIwMzEyJTIyJTJDJTIyem9vbSUyMiUzQTE3JTJDJTIydHlwZUlkJTIyJTNBJTIycm9hZCUyMiUyQyUyMmxhbmclMjIlM0FudWxsJTJDJTIyYXBpS2V5JTIyJTNBbnVsbCUyQyUyMm1hcmtlcnMlMjIlM0ElNUIlNUQlN0Q=\"><\/iframe>\n                  <\/div>\n                <\/div>\n              <\/div>\n            <\/div>\n          <\/div>\n        <\/div>\n      <\/div>\n    <\/section>\n    \n    \n    \n  \n<\/div>","protected":false},"excerpt":{"rendered":"<p>Jak um\u00f3wi\u0107 si\u0119\u200b\u200b\u200b na wizyt\u0119 ? Rejestracji na wizyt\u0119 mo\u017cna dokona\u0107 osobi\u015bcie w gabinecie, mailowo lub telefonicznie w godzinach:poniedzia\u0142ek:wtorek: \u015broda: czwartek: pi\u0105tek: sobota: 10-1810-14 10-18 10-14 10-18 10-14 Gabinet Dietetyczny Flora Mentisul. Krakowskie Przedmie\u015bcie 312\u200b (I pi\u0119tro)32-087 Zielonki &nbsp;dietoterapia@floramentis.pl +48 571 874 400<\/p>\n","protected":false},"author":1,"featured_media":0,"parent":0,"menu_order":1,"comment_status":"closed","ping_status":"closed","template":"","meta":{"om_disable_all_campaigns":false,"_monsterinsights_skip_tracking":false,"_monsterinsights_sitenote_active":false,"_monsterinsights_sitenote_note":"","_monsterinsights_sitenote_category":0,"footnotes":""},"class_list":["post-29","page","type-page","status-publish","hentry","entry"],"aioseo_notices":[],"_links":{"self":[{"href":"https:\/\/floramentis.pl\/index.php?rest_route=\/wp\/v2\/pages\/29","targetHints":{"allow":["GET"]}}],"collection":[{"href":"https:\/\/floramentis.pl\/index.php?rest_route=\/wp\/v2\/pages"}],"about":[{"href":"https:\/\/floramentis.pl\/index.php?rest_route=\/wp\/v2\/types\/page"}],"author":[{"embeddable":true,"href":"https:\/\/floramentis.pl\/index.php?rest_route=\/wp\/v2\/users\/1"}],"replies":[{"embeddable":true,"href":"https:\/\/floramentis.pl\/index.php?rest_route=%2Fwp%2Fv2%2Fcomments&post=29"}],"version-history":[{"count":20,"href":"https:\/\/floramentis.pl\/index.php?rest_route=\/wp\/v2\/pages\/29\/revisions"}],"predecessor-version":[{"id":418,"href":"https:\/\/floramentis.pl\/index.php?rest_route=\/wp\/v2\/pages\/29\/revisions\/418"}],"wp:attachment":[{"href":"https:\/\/floramentis.pl\/index.php?rest_route=%2Fwp%2Fv2%2Fmedia&parent=29"}],"curies":[{"name":"wp","href":"https:\/\/api.w.org\/{rel}","templated":true}]}}