{"id":163,"date":"2025-04-20T13:20:26","date_gmt":"2025-04-20T11:20:26","guid":{"rendered":"https:\/\/floramentis.pl\/?page_id=163"},"modified":"2025-04-26T23:17:48","modified_gmt":"2025-04-26T21:17:48","slug":"floramentis-6","status":"publish","type":"page","link":"https:\/\/floramentis.pl\/?page_id=163","title":{"rendered":"LIFESTYLE"},"content":{"rendered":"<div class=\"\" style=\"\" >\n    \n    <section class=\"u-clearfix u-container-align-center u-section-2\" id=\"sec-8858\">\n      <div class=\"u-clearfix u-sheet u-valign-middle-lg u-valign-middle-md u-valign-middle-sm u-sheet-1\">\n        <div class=\"u-expanded-width u-gallery u-layout-grid u-lightbox u-no-transition u-show-text-on-hover u-gallery-1\">\n          <div class=\"u-gallery-controls\"><\/div>\n          <div class=\"u-gallery-inner u-gallery-inner-1\">\n            <div class=\"u-effect-fade u-effect-hover-zoom u-gallery-item u-gallery-item-1\">\n              <div class=\"u-back-slide u-back-slide-1\" data-image-width=\"3024\" data-image-height=\"4032\">\n                <img class=\"u-back-image u-expanded lazyload\" alt=\"WESO\u0141YCH \u015aWI\u0104T!\" data-src=\"https:\/\/floramentis.pl\/wp-content\/uploads\/2025\/04\/talerz-scaled.jpg\" loading=\"lazy\">\n              <\/div>\n              <div class=\"u-container-align-left u-over-slide u-shading u-valign-bottom-xl u-valign-top-lg u-valign-top-md u-valign-top-sm u-valign-top-xs u-over-slide-1\">\n                <p class=\"u-align-left u-custom-font u-font-theme-heading u-gallery-heading\" style=\"margin-left: 0px; margin-right: auto; background-image: none;\">WESO\u0141YCH \u015aWI\u0104T!<\/p>\n              <\/div>\n            <\/div>\n            <div class=\"u-effect-fade u-effect-hover-zoom u-gallery-item u-gallery-item-2\">\n              <div class=\"u-back-slide u-back-slide-2\" data-image-width=\"3000\" data-image-height=\"4000\">\n                <img class=\"u-back-image u-expanded lazyload\" alt=\"Raz do roku...\" data-src=\"https:\/\/floramentis.pl\/wp-content\/uploads\/2025\/04\/baba-scaled.jpeg\" loading=\"lazy\">\n              <\/div>\n              <div class=\"u-container-align-left u-over-slide u-shading u-valign-bottom-xl u-valign-top-lg u-valign-top-md u-valign-top-sm u-valign-top-xs u-over-slide-2\">\n                <p class=\"u-align-left u-custom-font u-font-theme-heading u-gallery-heading\" style=\"margin-left: 0px; margin-right: auto; background-image: none;\">Raz do roku...<\/p>\n              <\/div>\n            <\/div>\n            <div class=\"u-effect-fade u-effect-hover-zoom u-gallery-item u-gallery-item-3\">\n              <div class=\"u-back-slide u-back-slide-3\" data-image-width=\"3024\" data-image-height=\"4032\">\n                <img class=\"u-back-image u-expanded lazyload\" alt=\"Kuchnia, m\u00f3j \u015bwiat\" data-src=\"https:\/\/floramentis.pl\/wp-content\/uploads\/2025\/04\/biszkopt-scaled.jpg\" loading=\"lazy\">\n              <\/div>\n              <div class=\"u-container-align-left u-over-slide u-shading u-valign-bottom-xl u-valign-top-lg u-valign-top-md u-valign-top-sm u-valign-top-xs u-over-slide-3\">\n                <p class=\"u-align-left u-custom-font u-font-theme-heading u-gallery-heading\" style=\"margin-left: 0px; margin-right: auto; background-image: none;\">Kuchnia, m\u00f3j \u015bwiat<\/p>\n              <\/div>\n            <\/div>\n          <\/div>\n        <\/div>\n      <\/div>\n    <\/section>\n    \n    \n    \n  \n<\/div>","protected":false},"excerpt":{"rendered":"<p>WESO\u0141YCH \u015aWI\u0104T! Raz do roku&#8230; Kuchnia, m\u00f3j \u015bwiat<\/p>\n","protected":false},"author":1,"featured_media":0,"parent":34,"menu_order":0,"comment_status":"closed","ping_status":"closed","template":"","meta":{"om_disable_all_campaigns":false,"_monsterinsights_skip_tracking":false,"_monsterinsights_sitenote_active":false,"_monsterinsights_sitenote_note":"","_monsterinsights_sitenote_category":0,"footnotes":""},"class_list":["post-163","page","type-page","status-publish","hentry","entry"],"aioseo_notices":[],"_links":{"self":[{"href":"https:\/\/floramentis.pl\/index.php?rest_route=\/wp\/v2\/pages\/163","targetHints":{"allow":["GET"]}}],"collection":[{"href":"https:\/\/floramentis.pl\/index.php?rest_route=\/wp\/v2\/pages"}],"about":[{"href":"https:\/\/floramentis.pl\/index.php?rest_route=\/wp\/v2\/types\/page"}],"author":[{"embeddable":true,"href":"https:\/\/floramentis.pl\/index.php?rest_route=\/wp\/v2\/users\/1"}],"replies":[{"embeddable":true,"href":"https:\/\/floramentis.pl\/index.php?rest_route=%2Fwp%2Fv2%2Fcomments&post=163"}],"version-history":[{"count":19,"href":"https:\/\/floramentis.pl\/index.php?rest_route=\/wp\/v2\/pages\/163\/revisions"}],"predecessor-version":[{"id":326,"href":"https:\/\/floramentis.pl\/index.php?rest_route=\/wp\/v2\/pages\/163\/revisions\/326"}],"up":[{"embeddable":true,"href":"https:\/\/floramentis.pl\/index.php?rest_route=\/wp\/v2\/pages\/34"}],"wp:attachment":[{"href":"https:\/\/floramentis.pl\/index.php?rest_route=%2Fwp%2Fv2%2Fmedia&parent=163"}],"curies":[{"name":"wp","href":"https:\/\/api.w.org\/{rel}","templated":true}]}}